{"id":3,"date":"2024-10-22T08:18:38","date_gmt":"2024-10-22T06:18:38","guid":{"rendered":"https:\/\/falke.webstart.cc\/stockinger\/datenschutzerklaerung\/"},"modified":"2025-11-21T09:06:54","modified_gmt":"2025-11-21T08:06:54","slug":"datenschutz","status":"publish","type":"page","link":"https:\/\/www.fass-stockinger.at\/fr\/datenschutz\/","title":{"rendered":"Datenschutz &#038; Cookies"},"content":{"rendered":"<div data-elementor-type=\"wp-page\" data-elementor-id=\"3\" class=\"elementor elementor-3\" data-elementor-post-type=\"page\">\n\t\t\t\t<div class=\"elementor-element elementor-element-6f1bca1 e-flex e-con-boxed e-con e-parent\" data-id=\"6f1bca1\" data-element_type=\"container\" data-settings=\"{&quot;background_background&quot;:&quot;classic&quot;}\">\n\t\t\t\t\t<div class=\"e-con-inner\">\n\t\t\t\t<div class=\"elementor-element elementor-element-fd92965 elementor-icon-list--layout-traditional elementor-list-item-link-full_width elementor-widget elementor-widget-icon-list\" data-id=\"fd92965\" data-element_type=\"widget\" data-widget_type=\"icon-list.default\">\n\t\t\t\t<div class=\"elementor-widget-container\">\n\t\t\t\t\t\t\t<ul class=\"elementor-icon-list-items\">\n\t\t\t\t\t\t\t<li class=\"elementor-icon-list-item\">\n\t\t\t\t\t\t\t\t\t\t\t<a href=\"https:\/\/www.fass-stockinger.at\/fr\">\n\n\t\t\t\t\t\t\t\t\t\t\t\t<span class=\"elementor-icon-list-icon\">\n\t\t\t\t\t\t\t<svg aria-hidden=\"true\" class=\"e-font-icon-svg e-fas-arrow-alt-circle-left\" viewbox=\"0 0 512 512\" xmlns=\"http:\/\/www.w3.org\/2000\/svg\"><path d=\"M256 504C119 504 8 393 8 256S119 8 256 8s248 111 248 248-111 248-248 248zm116-292H256v-70.9c0-10.7-13-16.1-20.5-8.5L121.2 247.5c-4.7 4.7-4.7 12.2 0 16.9l114.3 114.9c7.6 7.6 20.5 2.2 20.5-8.5V300h116c6.6 0 12-5.4 12-12v-64c0-6.6-5.4-12-12-12z\"><\/path><\/svg>\t\t\t\t\t\t<\/span>\n\t\t\t\t\t\t\t\t\t\t<span class=\"elementor-icon-list-text\">zur\u00fcck zur Startseite<\/span>\n\t\t\t\t\t\t\t\t\t\t\t<\/a>\n\t\t\t\t\t\t\t\t\t<\/li>\n\t\t\t\t\t\t<\/ul>\n\t\t\t\t\t\t<\/div>\n\t\t\t\t<\/div>\n\t\t\t\t\t<\/div>\n\t\t\t\t<\/div>\n\t\t<div class=\"elementor-element elementor-element-9735ff6 e-flex e-con-boxed e-con e-parent\" data-id=\"9735ff6\" data-element_type=\"container\">\n\t\t\t\t\t<div class=\"e-con-inner\">\n\t\t\t\t<div class=\"elementor-element elementor-element-fc32b3b elementor-widget elementor-widget-spacer\" data-id=\"fc32b3b\" data-element_type=\"widget\" data-widget_type=\"spacer.default\">\n\t\t\t\t<div class=\"elementor-widget-container\">\n\t\t\t\t\t\t\t<div class=\"elementor-spacer\">\n\t\t\t<div class=\"elementor-spacer-inner\"><\/div>\n\t\t<\/div>\n\t\t\t\t\t\t<\/div>\n\t\t\t\t<\/div>\n\t\t\t\t<div class=\"elementor-element elementor-element-1039b4f elementor-widget elementor-widget-heading\" data-id=\"1039b4f\" data-element_type=\"widget\" data-widget_type=\"heading.default\">\n\t\t\t\t<div class=\"elementor-widget-container\">\n\t\t\t\t\t<h1 class=\"elementor-heading-title elementor-size-default\">Protection des donn\u00e9es<\/h1>\t\t\t\t<\/div>\n\t\t\t\t<\/div>\n\t\t\t\t<div class=\"elementor-element elementor-element-5a7a26d elementor-widget elementor-widget-text-editor\" data-id=\"5a7a26d\" data-element_type=\"widget\" data-widget_type=\"text-editor.default\">\n\t\t\t\t<div class=\"elementor-widget-container\">\n\t\t\t\t\t\t\t\t\t<p>Der Schutz Ihrer pers\u00f6nlichen Daten ist uns ein besonderes Anliegen. Wir verarbeiten Ihre Daten daher ausschlie\u00dflich auf Grundlage der gesetzlichen Bestimmungen (DSGVO, TKG 2003). Ihnen stehen grunds\u00e4tzlich die Rechte auf Auskunft, Berichtigung, L\u00f6schung, Einschr\u00e4nkung, Daten\u00fcbertragbarkeit, Widerruf und Widerspruch zu, soweit dem keine gesetzliche Aufbewahrungspflicht entgegensteht. Wenn Sie glauben, dass die Verarbeitung Ihrer Daten gegen das Datenschutzrecht verst\u00f6\u00dft oder Ihre datenschutzrechtlichen Anspr\u00fcche sonst in einer Weise verletzt worden sind, melden Sie sich bitte bei uns. Nat\u00fcrlich k\u00f6nnen Sie sich auch bei der Aufsichtsbeh\u00f6rde beschweren. In \u00d6sterreich ist dies die Datenschutzbeh\u00f6rde.<\/p><p>Hier informieren wir Sie \u00fcber die wichtigsten Aspekte der Datenverarbeitung im Rahmen unserer Website:<\/p><h3>Zugriffsdaten\/Logfiles<\/h3><p>Wir (beziehungsweise unser Webspace-Provider) erheben Daten \u00fcber jeden Zugriff auf das Angebot (so genannte Serverlogfiles). Zu den Zugriffsdaten geh\u00f6ren u.a.: Name der abgerufenen Website, Datei, Datum und Uhrzeit des Abrufs, \u00fcbertragene Datenmenge, Meldung \u00fcber erfolgreichen Abruf, Browsertyp und Version, das Betriebssystem des Nutzers, Referrer URL (die zuvor besuchte Seite) und der anfragende Provider. Ihre IP-Adresse wird am Webserver ausnahmslos anonymisiert in den Log-Files gespeichert, so dass keinerlei R\u00fcckschluss von Website-Besuchen zu bestimmten IP-Adressen m\u00f6glich ist.<\/p><p>Wir verwenden die Protokolldaten nur f\u00fcr statistische Auswertungen zum Zweck des Betriebs, der Sicherheit und der Optimierung des Angebotes.\u00a0Wir behalten uns jedoch vor, die Protokolldaten nachtr\u00e4glich zu \u00fcberpr\u00fcfen, wenn aufgrund konkreter Anhaltspunkte der berechtigte Verdacht einer rechtswidrigen Nutzung besteht.<\/p><h3>Verwendung von Cookies<\/h3><p>Unsere Website verwendet so genannte Cookies. Dabei handelt es sich um kleine Textdateien, die mit Hilfe des Browsers auf Ihrem Endger\u00e4t abgelegt werden. Sie richten keinen Schaden an und enthalten keine pers\u00f6nlichen Daten. Wir nutzen Cookies dazu, unser Angebot nutzerfreundlich zu gestalten. Einige Cookies bleiben auf Ihrem Endger\u00e4t gespeichert, bis Sie diese l\u00f6schen. Sie erm\u00f6glichen es uns, Ihren Browser beim n\u00e4chsten Besuch wiederzuerkennen.<\/p><p>Cookies werden sowohl von unserer Website als auch &#8211; wenn Sie dem zustimmen &#8211; von Drittanbieter-Technologien gesetzt. Beim Aufruf unserer Website geben wir Ihnen die M\u00f6glichkeit, zu w\u00e4hlen, ob nur funktionale Cookies oder auch Drittanbieter-Cookies (in Kategorien gestaffelt) im Browser zugelassen werden. Diese Entscheidung wird f\u00fcr maximal ein Jahr gespeichert &#8211; dann k\u00f6nnen Sie erneut die Auswahl treffen.<\/p><p><div id=\"cmplz-manage-consent-container-nojavascript\">Vous avez charg\u00e9 la politique de cookies sans le support de javascript.&nbsp;Sur AMP, vous pouvez utiliser l\u2019onglet de gestion du consentement en bas de la page.<\/div><div id=\"cmplz-manage-consent-container\" name=\"cmplz-manage-consent-container\" class=\"cmplz-manage-consent-container\"><\/div><\/p><p>Auf unserer Website kommen, je nach Einwilligung, nachfolgend aufgef\u00fchrte Cookies\u00a0zum Einsatz:<\/p><p><div id=\"cmplz-cookies-overview\"><details class=\"cmplz-dropdown cmplz-service-desc cmplz-dropdown-cookiepolicy\">\n\t<summary class=\"cmplz-service-header\"><div>\n\t\t<h3>Divers<\/h3>\n\t\t<p>Finalit\u00e9 en attente d\u2019enqu\u00eate<\/p>\n\t\t<label for=\"cmplz_service_divers\" class=\"cmplz_consent_per_service_label\"><span class=\"screen-reader-text\">Consent to service divers<\/span><\/label>\n\t\t<input type=\"checkbox\" id=\"cmplz_service_divers\" class=\"cmplz-accept-service cmplz-hidden\" data-service=\"divers\" data-category=\"functional\"><\/div>\n\t<\/summary>\n\t<div class=\"cmplz-service-description\">\n\t\t<h4>Utilisation<\/h4>\n\t\t<p><\/p>\n\t<\/div>\n\t<div class=\"cmplz-sharing-data\">\n\t\t<h4>Partage de donn\u00e9es<\/h4>\n\t\t<p>Le partage des donn\u00e9es est en cours d\u2019enqu\u00eate<\/p>\n\t<\/div>\n\t<div class=\"cookies-per-purpose\">\n    <div class=\"purpose\"><h4>Finalit\u00e9 en attente d\u2019enqu\u00eate<\/h4><\/div>\n    <div class=\"name-header\">\n\t<h5>Nom<\/h5>\n<\/div>\n<div class=\"name\">elementor<\/div>\n<div class=\"retention-header\">\n\t<h5>Expiration<\/h5>\n<\/div>\n<div class=\"retention\"><\/div>\n<div class=\"function-header\">\n\t<h5>Fonction<\/h5>\n<\/div>\n<div class=\"function\"><\/div>\n<div class=\"name-header\">\n\t<h5>Nom<\/h5>\n<\/div>\n<div class=\"name\">wpEmojiSettingsSupports<\/div>\n<div class=\"retention-header\">\n\t<h5>Expiration<\/h5>\n<\/div>\n<div class=\"retention\"><\/div>\n<div class=\"function-header\">\n\t<h5>Fonction<\/h5>\n<\/div>\n<div class=\"function\"><\/div>\n<div class=\"name-header\">\n\t<h5>Nom<\/h5>\n<\/div>\n<div class=\"name\">wordpress_test_cookie<\/div>\n<div class=\"retention-header\">\n\t<h5>Expiration<\/h5>\n<\/div>\n<div class=\"retention\"><\/div>\n<div class=\"function-header\">\n\t<h5>Fonction<\/h5>\n<\/div>\n<div class=\"function\"><\/div>\n<div class=\"name-header\">\n\t<h5>Nom<\/h5>\n<\/div>\n<div class=\"name\">wp-settings-1<\/div>\n<div class=\"retention-header\">\n\t<h5>Expiration<\/h5>\n<\/div>\n<div class=\"retention\"><\/div>\n<div class=\"function-header\">\n\t<h5>Fonction<\/h5>\n<\/div>\n<div class=\"function\"><\/div>\n<div class=\"name-header\">\n\t<h5>Nom<\/h5>\n<\/div>\n<div class=\"name\">wp-settings-time-1<\/div>\n<div class=\"retention-header\">\n\t<h5>Expiration<\/h5>\n<\/div>\n<div class=\"retention\"><\/div>\n<div class=\"function-header\">\n\t<h5>Fonction<\/h5>\n<\/div>\n<div class=\"function\"><\/div>\n<div class=\"name-header\">\n\t<h5>Nom<\/h5>\n<\/div>\n<div class=\"name\">wordpress_sec_d8891113424106a699e9d73a78c7e4ed<\/div>\n<div class=\"retention-header\">\n\t<h5>Expiration<\/h5>\n<\/div>\n<div class=\"retention\"><\/div>\n<div class=\"function-header\">\n\t<h5>Fonction<\/h5>\n<\/div>\n<div class=\"function\"><\/div>\n<div class=\"name-header\">\n\t<h5>Nom<\/h5>\n<\/div>\n<div class=\"name\">wordpress_logged_in_d8891113424106a699e9d73a78c7e4ed<\/div>\n<div class=\"retention-header\">\n\t<h5>Expiration<\/h5>\n<\/div>\n<div class=\"retention\"><\/div>\n<div class=\"function-header\">\n\t<h5>Fonction<\/h5>\n<\/div>\n<div class=\"function\"><\/div>\n<div class=\"name-header\">\n\t<h5>Nom<\/h5>\n<\/div>\n<div class=\"name\">wfwaf-authcookie-e927d9509186b5fa2b6b01761bb20050<\/div>\n<div class=\"retention-header\">\n\t<h5>Expiration<\/h5>\n<\/div>\n<div class=\"retention\"><\/div>\n<div class=\"function-header\">\n\t<h5>Fonction<\/h5>\n<\/div>\n<div class=\"function\"><\/div>\n<div class=\"name-header\">\n\t<h5>Nom<\/h5>\n<\/div>\n<div class=\"name\">cmplz_functional<\/div>\n<div class=\"retention-header\">\n\t<h5>Expiration<\/h5>\n<\/div>\n<div class=\"retention\">365 jours<\/div>\n<div class=\"function-header\">\n\t<h5>Fonction<\/h5>\n<\/div>\n<div class=\"function\"><\/div>\n<div class=\"name-header\">\n\t<h5>Nom<\/h5>\n<\/div>\n<div class=\"name\">cmplz_statistics<\/div>\n<div class=\"retention-header\">\n\t<h5>Expiration<\/h5>\n<\/div>\n<div class=\"retention\">365 jours<\/div>\n<div class=\"function-header\">\n\t<h5>Fonction<\/h5>\n<\/div>\n<div class=\"function\"><\/div>\n<div class=\"name-header\">\n\t<h5>Nom<\/h5>\n<\/div>\n<div class=\"name\">cmplz_preferences<\/div>\n<div class=\"retention-header\">\n\t<h5>Expiration<\/h5>\n<\/div>\n<div class=\"retention\">365 jours<\/div>\n<div class=\"function-header\">\n\t<h5>Fonction<\/h5>\n<\/div>\n<div class=\"function\"><\/div>\n<div class=\"name-header\">\n\t<h5>Nom<\/h5>\n<\/div>\n<div class=\"name\">cmplz_marketing<\/div>\n<div class=\"retention-header\">\n\t<h5>Expiration<\/h5>\n<\/div>\n<div class=\"retention\">365 jours<\/div>\n<div class=\"function-header\">\n\t<h5>Fonction<\/h5>\n<\/div>\n<div class=\"function\"><\/div>\n<div class=\"name-header\">\n\t<h5>Nom<\/h5>\n<\/div>\n<div class=\"name\">e_globals<\/div>\n<div class=\"retention-header\">\n\t<h5>Expiration<\/h5>\n<\/div>\n<div class=\"retention\"><\/div>\n<div class=\"function-header\">\n\t<h5>Fonction<\/h5>\n<\/div>\n<div class=\"function\"><\/div>\n<div class=\"name-header\">\n\t<h5>Nom<\/h5>\n<\/div>\n<div class=\"name\">e_kit-elements-defaults<\/div>\n<div class=\"retention-header\">\n\t<h5>Expiration<\/h5>\n<\/div>\n<div class=\"retention\"><\/div>\n<div class=\"function-header\">\n\t<h5>Fonction<\/h5>\n<\/div>\n<div class=\"function\"><\/div>\n<div class=\"name-header\">\n\t<h5>Nom<\/h5>\n<\/div>\n<div class=\"name\">cmplz_consented_services<\/div>\n<div class=\"retention-header\">\n\t<h5>Expiration<\/h5>\n<\/div>\n<div class=\"retention\">365 jours<\/div>\n<div class=\"function-header\">\n\t<h5>Fonction<\/h5>\n<\/div>\n<div class=\"function\"><\/div>\n<div class=\"name-header\">\n\t<h5>Nom<\/h5>\n<\/div>\n<div class=\"name\">cmplz_policy_id<\/div>\n<div class=\"retention-header\">\n\t<h5>Expiration<\/h5>\n<\/div>\n<div class=\"retention\">365 jours<\/div>\n<div class=\"function-header\">\n\t<h5>Fonction<\/h5>\n<\/div>\n<div class=\"function\"><\/div>\n<div class=\"name-header\">\n\t<h5>Nom<\/h5>\n<\/div>\n<div class=\"name\">cmplz_banner-status<\/div>\n<div class=\"retention-header\">\n\t<h5>Expiration<\/h5>\n<\/div>\n<div class=\"retention\">365 jours<\/div>\n<div class=\"function-header\">\n\t<h5>Fonction<\/h5>\n<\/div>\n<div class=\"function\"><\/div>\n<div class=\"name-header\">\n\t<h5>Nom<\/h5>\n<\/div>\n<div class=\"name\">wp_lang<\/div>\n<div class=\"retention-header\">\n\t<h5>Expiration<\/h5>\n<\/div>\n<div class=\"retention\"><\/div>\n<div class=\"function-header\">\n\t<h5>Fonction<\/h5>\n<\/div>\n<div class=\"function\"><\/div>\n<div class=\"name-header\">\n\t<h5>Nom<\/h5>\n<\/div>\n<div class=\"name\">acf<\/div>\n<div class=\"retention-header\">\n\t<h5>Expiration<\/h5>\n<\/div>\n<div class=\"retention\"><\/div>\n<div class=\"function-header\">\n\t<h5>Fonction<\/h5>\n<\/div>\n<div class=\"function\"><\/div>\n\n<\/div>\n<\/details>\n<\/div><\/p><p>Dar\u00fcber hinaus k\u00f6nnen Sie Ihren Browser so einrichten, dass er Sie \u00fcber das Setzen von Cookies (insbesondere von Drittanbietern) informiert und Sie dies nur im Einzelfall erlauben. Bei der Deaktivierung von Cookies kann die Funktionalit\u00e4t unserer Website eingeschr\u00e4nkt sein.\u00a0Um herauszufinden, wie Sie das in einem bestimmten Browser machen, k\u00f6nnen Sie die in den Browser integrierte Hilfe-Funktion nutzen oder alternativ\u00a0<a href=\"http:\/\/www.aboutcookies.org\">http:\/\/www.aboutcookies.org<\/a>\u00a0aufrufen. Hier wird Schritt f\u00fcr Schritt erkl\u00e4rt, wie sich Cookies in den meisten g\u00e4ngigen Browsern verwalten und l\u00f6schen lassen.<\/p><h3>Nutzung von Matomo<\/h3><p>Wir nutzen das Webanalyse-Tool Matomo, um anonyme Statistiken \u00fcber die Nutzung unserer Website zu erstellen. Die Verarbeitung erfolgt ohne Cookies und ohne die Erhebung personenbezogener Daten. Ihre IP-Adresse wird unmittelbar nach der Erfassung dauerhaft anonymisiert, sodass kein R\u00fcckschluss auf Ihre Person m\u00f6glich ist.<\/p><p>Die Auswertung der anonymen Nutzungsdaten erfolgt ausschlie\u00dflich zur Verbesserung der Inhalte, Struktur und Nutzerfreundlichkeit unserer Website.\u00a0<\/p><p>Matomo ist DSGVO-konform konfiguriert und wird auf einem Server in Dresden, Deutschland betrieben. Auf diesem Server sind auch die anonymisierten Nutzungsdaten gespeichert, die automatisch nach sp\u00e4testens 24 Monaten gel\u00f6scht werden.\u00a0Es findet keine Weitergabe der Daten an Dritte und keine Verarbeitung au\u00dferhalb der EU statt.<\/p><p><!-- notionvc: 2cd30ba6-1eb3-4a22-8ae0-842fe86b95b0 --><\/p><p><!-- notionvc: 5a1005be-5586-4fa2-8c41-8a1be5dffc0b --><\/p>\t\t\t\t\t\t\t\t<\/div>\n\t\t\t\t<\/div>\n\t\t\t\t<div class=\"elementor-element elementor-element-902a5fd elementor-widget elementor-widget-spacer\" data-id=\"902a5fd\" data-element_type=\"widget\" data-widget_type=\"spacer.default\">\n\t\t\t\t<div class=\"elementor-widget-container\">\n\t\t\t\t\t\t\t<div class=\"elementor-spacer\">\n\t\t\t<div class=\"elementor-spacer-inner\"><\/div>\n\t\t<\/div>\n\t\t\t\t\t\t<\/div>\n\t\t\t\t<\/div>\n\t\t\t\t\t<\/div>\n\t\t\t\t<\/div>\n\t\t\t\t<\/div>","protected":false},"excerpt":{"rendered":"<p>zur\u00fcck zur Startseite Datenschutz &amp; Cookies Der Schutz Ihrer pers\u00f6nlichen Daten ist uns ein besonderes Anliegen. Wir verarbeiten Ihre Daten daher ausschlie\u00dflich auf Grundlage der gesetzlichen Bestimmungen (DSGVO, TKG 2003). Ihnen stehen grunds\u00e4tzlich die Rechte auf Auskunft, Berichtigung, L\u00f6schung, Einschr\u00e4nkung, Daten\u00fcbertragbarkeit, Widerruf und Widerspruch zu, soweit dem keine gesetzliche Aufbewahrungspflicht entgegensteht. Wenn Sie glauben, dass [&hellip;]<\/p>\n","protected":false},"author":1,"featured_media":0,"parent":0,"menu_order":7,"comment_status":"closed","ping_status":"closed","template":"","meta":{"_acf_changed":false,"footnotes":""},"class_list":["post-3","page","type-page","status-publish","hentry"],"acf":[],"yoast_head":"<!-- This site is optimized with the Yoast SEO plugin v26.8 - https:\/\/yoast.com\/product\/yoast-seo-wordpress\/ -->\n<title>Datenschutz &amp; Cookies - Fassbinderei Stockinger<\/title>\n<meta name=\"robots\" content=\"noindex, nofollow\" \/>\n<meta property=\"og:locale\" content=\"fr_FR\" \/>\n<meta property=\"og:type\" content=\"article\" \/>\n<meta property=\"og:title\" content=\"Datenschutz &amp; Cookies - Fassbinderei Stockinger\" \/>\n<meta property=\"og:description\" content=\"zur\u00fcck zur Startseite Datenschutz &amp; Cookies Der Schutz Ihrer pers\u00f6nlichen Daten ist uns ein besonderes Anliegen. Wir verarbeiten Ihre Daten daher ausschlie\u00dflich auf Grundlage der gesetzlichen Bestimmungen (DSGVO, TKG 2003). Ihnen stehen grunds\u00e4tzlich die Rechte auf Auskunft, Berichtigung, L\u00f6schung, Einschr\u00e4nkung, Daten\u00fcbertragbarkeit, Widerruf und Widerspruch zu, soweit dem keine gesetzliche Aufbewahrungspflicht entgegensteht. Wenn Sie glauben, dass [&hellip;]\" \/>\n<meta property=\"og:url\" content=\"https:\/\/www.fass-stockinger.at\/fr\/datenschutz\/\" \/>\n<meta property=\"og:site_name\" content=\"Fassbinderei Stockinger\" \/>\n<meta property=\"article:modified_time\" content=\"2025-11-21T08:06:54+00:00\" \/>\n<meta name=\"twitter:card\" content=\"summary_large_image\" \/>\n<meta name=\"twitter:label1\" content=\"Dur\u00e9e de lecture estim\u00e9e\" \/>\n\t<meta name=\"twitter:data1\" content=\"4 minutes\" \/>\n<script type=\"application\/ld+json\" class=\"yoast-schema-graph\">{\"@context\":\"https:\/\/schema.org\",\"@graph\":[{\"@type\":\"WebPage\",\"@id\":\"https:\/\/www.fass-stockinger.at\/datenschutz\/\",\"url\":\"https:\/\/www.fass-stockinger.at\/datenschutz\/\",\"name\":\"Datenschutz & Cookies - Fassbinderei Stockinger\",\"isPartOf\":{\"@id\":\"https:\/\/www.fass-stockinger.at\/#website\"},\"datePublished\":\"2024-10-22T06:18:38+00:00\",\"dateModified\":\"2025-11-21T08:06:54+00:00\",\"breadcrumb\":{\"@id\":\"https:\/\/www.fass-stockinger.at\/datenschutz\/#breadcrumb\"},\"inLanguage\":\"fr-FR\",\"potentialAction\":[{\"@type\":\"ReadAction\",\"target\":[\"https:\/\/www.fass-stockinger.at\/datenschutz\/\"]}]},{\"@type\":\"BreadcrumbList\",\"@id\":\"https:\/\/www.fass-stockinger.at\/datenschutz\/#breadcrumb\",\"itemListElement\":[{\"@type\":\"ListItem\",\"position\":1,\"name\":\"Startseite\",\"item\":\"https:\/\/www.fass-stockinger.at\/\"},{\"@type\":\"ListItem\",\"position\":2,\"name\":\"Datenschutz &#038; Cookies\"}]},{\"@type\":\"WebSite\",\"@id\":\"https:\/\/www.fass-stockinger.at\/#website\",\"url\":\"https:\/\/www.fass-stockinger.at\/\",\"name\":\"Fassbinderei Stockinger\",\"description\":\"\",\"potentialAction\":[{\"@type\":\"SearchAction\",\"target\":{\"@type\":\"EntryPoint\",\"urlTemplate\":\"https:\/\/www.fass-stockinger.at\/?s={search_term_string}\"},\"query-input\":{\"@type\":\"PropertyValueSpecification\",\"valueRequired\":true,\"valueName\":\"search_term_string\"}}],\"inLanguage\":\"fr-FR\"}]}<\/script>\n<!-- \/ Yoast SEO plugin. -->","yoast_head_json":{"title":"Datenschutz & Cookies - Fassbinderei Stockinger","robots":{"index":"noindex","follow":"nofollow"},"og_locale":"fr_FR","og_type":"article","og_title":"Datenschutz & Cookies - Fassbinderei Stockinger","og_description":"zur\u00fcck zur Startseite Datenschutz &amp; Cookies Der Schutz Ihrer pers\u00f6nlichen Daten ist uns ein besonderes Anliegen. Wir verarbeiten Ihre Daten daher ausschlie\u00dflich auf Grundlage der gesetzlichen Bestimmungen (DSGVO, TKG 2003). Ihnen stehen grunds\u00e4tzlich die Rechte auf Auskunft, Berichtigung, L\u00f6schung, Einschr\u00e4nkung, Daten\u00fcbertragbarkeit, Widerruf und Widerspruch zu, soweit dem keine gesetzliche Aufbewahrungspflicht entgegensteht. Wenn Sie glauben, dass [&hellip;]","og_url":"https:\/\/www.fass-stockinger.at\/fr\/datenschutz\/","og_site_name":"Fassbinderei Stockinger","article_modified_time":"2025-11-21T08:06:54+00:00","twitter_card":"summary_large_image","twitter_misc":{"Dur\u00e9e de lecture estim\u00e9e":"4 minutes"},"schema":{"@context":"https:\/\/schema.org","@graph":[{"@type":"WebPage","@id":"https:\/\/www.fass-stockinger.at\/datenschutz\/","url":"https:\/\/www.fass-stockinger.at\/datenschutz\/","name":"Datenschutz & Cookies - Fassbinderei Stockinger","isPartOf":{"@id":"https:\/\/www.fass-stockinger.at\/#website"},"datePublished":"2024-10-22T06:18:38+00:00","dateModified":"2025-11-21T08:06:54+00:00","breadcrumb":{"@id":"https:\/\/www.fass-stockinger.at\/datenschutz\/#breadcrumb"},"inLanguage":"fr-FR","potentialAction":[{"@type":"ReadAction","target":["https:\/\/www.fass-stockinger.at\/datenschutz\/"]}]},{"@type":"BreadcrumbList","@id":"https:\/\/www.fass-stockinger.at\/datenschutz\/#breadcrumb","itemListElement":[{"@type":"ListItem","position":1,"name":"Startseite","item":"https:\/\/www.fass-stockinger.at\/"},{"@type":"ListItem","position":2,"name":"Datenschutz &#038; Cookies"}]},{"@type":"WebSite","@id":"https:\/\/www.fass-stockinger.at\/#website","url":"https:\/\/www.fass-stockinger.at\/","name":"Tonnellerie Stockinger","description":"","potentialAction":[{"@type":"SearchAction","target":{"@type":"EntryPoint","urlTemplate":"https:\/\/www.fass-stockinger.at\/?s={search_term_string}"},"query-input":{"@type":"PropertyValueSpecification","valueRequired":true,"valueName":"search_term_string"}}],"inLanguage":"fr-FR"}]}},"_links":{"self":[{"href":"https:\/\/www.fass-stockinger.at\/fr\/wp-json\/wp\/v2\/pages\/3","targetHints":{"allow":["GET"]}}],"collection":[{"href":"https:\/\/www.fass-stockinger.at\/fr\/wp-json\/wp\/v2\/pages"}],"about":[{"href":"https:\/\/www.fass-stockinger.at\/fr\/wp-json\/wp\/v2\/types\/page"}],"author":[{"embeddable":true,"href":"https:\/\/www.fass-stockinger.at\/fr\/wp-json\/wp\/v2\/users\/1"}],"replies":[{"embeddable":true,"href":"https:\/\/www.fass-stockinger.at\/fr\/wp-json\/wp\/v2\/comments?post=3"}],"version-history":[{"count":13,"href":"https:\/\/www.fass-stockinger.at\/fr\/wp-json\/wp\/v2\/pages\/3\/revisions"}],"predecessor-version":[{"id":344,"href":"https:\/\/www.fass-stockinger.at\/fr\/wp-json\/wp\/v2\/pages\/3\/revisions\/344"}],"wp:attachment":[{"href":"https:\/\/www.fass-stockinger.at\/fr\/wp-json\/wp\/v2\/media?parent=3"}],"curies":[{"name":"wp","href":"https:\/\/api.w.org\/{rel}","templated":true}]}}