{"id":2,"date":"2024-10-22T08:18:38","date_gmt":"2024-10-22T06:18:38","guid":{"rendered":"https:\/\/falke.webstart.cc\/stockinger\/impressum\/"},"modified":"2024-11-29T10:59:37","modified_gmt":"2024-11-29T09:59:37","slug":"impressum","status":"publish","type":"page","link":"https:\/\/www.fass-stockinger.at\/fr\/impressum\/","title":{"rendered":"Impressum"},"content":{"rendered":"<div data-elementor-type=\"wp-page\" data-elementor-id=\"2\" class=\"elementor elementor-2\" data-elementor-post-type=\"page\">\n\t\t\t\t<div class=\"elementor-element elementor-element-7fee227 e-flex e-con-boxed e-con e-parent\" data-id=\"7fee227\" data-element_type=\"container\" data-settings=\"{&quot;background_background&quot;:&quot;classic&quot;}\">\n\t\t\t\t\t<div class=\"e-con-inner\">\n\t\t\t\t<div class=\"elementor-element elementor-element-a9d2a2d elementor-icon-list--layout-traditional elementor-list-item-link-full_width elementor-widget elementor-widget-icon-list\" data-id=\"a9d2a2d\" data-element_type=\"widget\" data-widget_type=\"icon-list.default\">\n\t\t\t\t<div class=\"elementor-widget-container\">\n\t\t\t\t\t\t\t<ul class=\"elementor-icon-list-items\">\n\t\t\t\t\t\t\t<li class=\"elementor-icon-list-item\">\n\t\t\t\t\t\t\t\t\t\t\t<a href=\"https:\/\/www.fass-stockinger.at\/fr\">\n\n\t\t\t\t\t\t\t\t\t\t\t\t<span class=\"elementor-icon-list-icon\">\n\t\t\t\t\t\t\t<svg aria-hidden=\"true\" class=\"e-font-icon-svg e-fas-arrow-alt-circle-left\" viewbox=\"0 0 512 512\" xmlns=\"http:\/\/www.w3.org\/2000\/svg\"><path d=\"M256 504C119 504 8 393 8 256S119 8 256 8s248 111 248 248-111 248-248 248zm116-292H256v-70.9c0-10.7-13-16.1-20.5-8.5L121.2 247.5c-4.7 4.7-4.7 12.2 0 16.9l114.3 114.9c7.6 7.6 20.5 2.2 20.5-8.5V300h116c6.6 0 12-5.4 12-12v-64c0-6.6-5.4-12-12-12z\"><\/path><\/svg>\t\t\t\t\t\t<\/span>\n\t\t\t\t\t\t\t\t\t\t<span class=\"elementor-icon-list-text\">zur\u00fcck zur Startseite<\/span>\n\t\t\t\t\t\t\t\t\t\t\t<\/a>\n\t\t\t\t\t\t\t\t\t<\/li>\n\t\t\t\t\t\t<\/ul>\n\t\t\t\t\t\t<\/div>\n\t\t\t\t<\/div>\n\t\t\t\t\t<\/div>\n\t\t\t\t<\/div>\n\t\t<div class=\"elementor-element elementor-element-25b61496 e-flex e-con-boxed e-con e-parent\" data-id=\"25b61496\" data-element_type=\"container\">\n\t\t\t\t\t<div class=\"e-con-inner\">\n\t\t\t\t<div class=\"elementor-element elementor-element-be58be5 elementor-widget elementor-widget-spacer\" data-id=\"be58be5\" data-element_type=\"widget\" data-widget_type=\"spacer.default\">\n\t\t\t\t<div class=\"elementor-widget-container\">\n\t\t\t\t\t\t\t<div class=\"elementor-spacer\">\n\t\t\t<div class=\"elementor-spacer-inner\"><\/div>\n\t\t<\/div>\n\t\t\t\t\t\t<\/div>\n\t\t\t\t<\/div>\n\t\t\t\t<div class=\"elementor-element elementor-element-e6cc12c elementor-widget elementor-widget-heading\" data-id=\"e6cc12c\" data-element_type=\"widget\" data-widget_type=\"heading.default\">\n\t\t\t\t<div class=\"elementor-widget-container\">\n\t\t\t\t\t<h1 class=\"elementor-heading-title elementor-size-default\">Impressum<\/h1>\t\t\t\t<\/div>\n\t\t\t\t<\/div>\n\t\t\t\t<div class=\"elementor-element elementor-element-ca09040 elementor-widget elementor-widget-text-editor\" data-id=\"ca09040\" data-element_type=\"widget\" data-widget_type=\"text-editor.default\">\n\t\t\t\t<div class=\"elementor-widget-container\">\n\t\t\t\t\t\t\t\t\t<p>Fassbinderei Stockinger GmbH<br \/>Gru\u0308nhofstrasse 5-7<br \/>3340 Waidhofen an der Ybbs<br \/>Austria<\/p><p><a href=\"tel:+43-7442 54170\">+43 7442 54170<\/a><br \/><a href=\"&#x6d;&#97;i&#x6c;&#x74;&#111;:&#x6f;&#x66;&#102;i&#x63;&#x65;&#64;f&#x61;&#x73;&#115;-&#x73;&#116;&#111;c&#x6b;&#105;n&#x67;&#x65;&#114;&#46;&#x61;&#x74;\">offi&#99;&#101;&#64;&#102;&#97;&#115;&#115;&#x2d;&#x73;&#x74;&#x6f;&#x63;&#x6b;&#x69;&#x6e;&#x67;er&#46;a&#116;<\/a><\/p><p><br \/><a href=\"https:\/\/www.webstart.cc\/\" target=\"_blank\" rel=\"noopener\">Dies ist eine FALKEwebstart Seite \/\/ 2024<\/a><\/p>\t\t\t\t\t\t\t\t<\/div>\n\t\t\t\t<\/div>\n\t\t\t\t<div class=\"elementor-element elementor-element-94f052a elementor-widget elementor-widget-spacer\" data-id=\"94f052a\" data-element_type=\"widget\" data-widget_type=\"spacer.default\">\n\t\t\t\t<div class=\"elementor-widget-container\">\n\t\t\t\t\t\t\t<div class=\"elementor-spacer\">\n\t\t\t<div class=\"elementor-spacer-inner\"><\/div>\n\t\t<\/div>\n\t\t\t\t\t\t<\/div>\n\t\t\t\t<\/div>\n\t\t\t\t<div class=\"elementor-element elementor-element-f43fea1 elementor-widget elementor-widget-heading\" data-id=\"f43fea1\" data-element_type=\"widget\" data-widget_type=\"heading.default\">\n\t\t\t\t<div class=\"elementor-widget-container\">\n\t\t\t\t\t<h2 class=\"elementor-heading-title elementor-size-default\">Haftungsausschluss<\/h2>\t\t\t\t<\/div>\n\t\t\t\t<\/div>\n\t\t\t\t<div class=\"elementor-element elementor-element-c4e42bb elementor-widget elementor-widget-text-editor\" data-id=\"c4e42bb\" data-element_type=\"widget\" data-widget_type=\"text-editor.default\">\n\t\t\t\t<div class=\"elementor-widget-container\">\n\t\t\t\t\t\t\t\t\t<h3>Inhalte<\/h3><p>Wir \u00fcbernehmen keinerlei Gew\u00e4hr f\u00fcr die Aktualit\u00e4t, Korrektheit, Vollst\u00e4ndigkeit oder Qualit\u00e4t der bereitgestellten Informationen. Haftungsanspr\u00fcche gegen den Autor, welche sich auf Sch\u00e4den materieller oder ideeller Art beziehen, die durch die Nutzung oder Nichtnutzung der dargebotenen Informationen bzw. durch die Nutzung fehlerhafter und unvollst\u00e4ndiger Informationen verursacht wurden, sind grunds\u00e4tzlich ausgeschlossen, sofern seitens des Autors kein nachweislich vors\u00e4tzliches oder grob fahrl\u00e4ssiges Verschulden vorliegt. Alle Angebote sind freibleibend und unverbindlich. Der Autor beh\u00e4lt es sich ausdr\u00fccklich vor, Teile der Seiten oder das gesamte Angebot ohne gesonderte Ank\u00fcndigung zu ver\u00e4ndern, zu erg\u00e4nzen, zu l\u00f6schen oder die Ver\u00f6ffentlichung zeitweise oder endg\u00fcltig einzustellen.<\/p><h3>Urheber- und Nutzungsrechte<\/h3><p>S\u00e4mtliche Inhalte wie Texte, Bilder, Grafiken, Animationen, Videos, Sound oder sonstige Materialien dieser Website sind, sofern nicht anders angegeben, unser Eigentum oder Eigentum unserer Partner bzw. haben wir das Nutzungsrecht daf\u00fcr. S\u00e4mtliche unter dieser Domain bzw. in diesem Webangebot gehosteten Materialien d\u00fcrfen nicht ohne ausdr\u00fcckliche Zustimmung anderweitig verwendet werden.<\/p><h3>Genderhinweis<\/h3><p>Aus Gr\u00fcnden der einfacheren Lesbarkeit wird auf die geschlechtsspezifische Differenzierung verzichtet. Entsprechende Begriffe gelten im Sinne der Gleichbehandlung grunds\u00e4tzlich f\u00fcr alle Geschlechter.<\/p><h3>Barrierefreiheit<\/h3><p>Wir versuchen unser bestes, diese Website hinsichtlich der Barrierefreiheit zu optimieren. Wenn Sie trotz unseres Bem\u00fchens auf Schwierigkeiten sto\u00dfen oder Anregungen zur Verbesserung haben, freuen wir uns \u00fcber Ihr Feedback unter den oben angegebenen Kontaktdaten.<\/p>\t\t\t\t\t\t\t\t<\/div>\n\t\t\t\t<\/div>\n\t\t\t\t<div class=\"elementor-element elementor-element-abac77c elementor-widget elementor-widget-spacer\" data-id=\"abac77c\" data-element_type=\"widget\" data-widget_type=\"spacer.default\">\n\t\t\t\t<div class=\"elementor-widget-container\">\n\t\t\t\t\t\t\t<div class=\"elementor-spacer\">\n\t\t\t<div class=\"elementor-spacer-inner\"><\/div>\n\t\t<\/div>\n\t\t\t\t\t\t<\/div>\n\t\t\t\t<\/div>\n\t\t\t\t\t<\/div>\n\t\t\t\t<\/div>\n\t\t\t\t<\/div>","protected":false},"excerpt":{"rendered":"<p>zur\u00fcck zur Startseite Impressum Fassbinderei Stockinger GmbHGru\u0308nhofstrasse 5-73340 Waidhofen an der YbbsAustria +43 7442 54170o&#102;&#102;&#x69;&#x63;&#x65;&#64;f&#97;&#115;&#x73;&#x2d;&#x73;t&#111;&#99;&#107;&#x69;&#x6e;&#x67;e&#114;&#46;&#x61;&#x74; Dies ist eine FALKEwebstart Seite \/\/ 2024 Haftungsausschluss Inhalte Wir \u00fcbernehmen keinerlei Gew\u00e4hr f\u00fcr die Aktualit\u00e4t, Korrektheit, Vollst\u00e4ndigkeit oder Qualit\u00e4t der bereitgestellten Informationen. Haftungsanspr\u00fcche gegen den Autor, welche sich auf Sch\u00e4den materieller oder ideeller Art beziehen, die durch die Nutzung [&hellip;]<\/p>\n","protected":false},"author":1,"featured_media":0,"parent":0,"menu_order":6,"comment_status":"closed","ping_status":"closed","template":"","meta":{"_acf_changed":false,"footnotes":""},"class_list":["post-2","page","type-page","status-publish","hentry"],"acf":[],"yoast_head":"<!-- This site is optimized with the Yoast SEO plugin v26.8 - https:\/\/yoast.com\/product\/yoast-seo-wordpress\/ -->\n<title>Impressum - Fassbinderei Stockinger<\/title>\n<meta name=\"robots\" content=\"noindex, nofollow\" \/>\n<meta property=\"og:locale\" content=\"fr_FR\" \/>\n<meta property=\"og:type\" content=\"article\" \/>\n<meta property=\"og:title\" content=\"Impressum - Fassbinderei Stockinger\" \/>\n<meta property=\"og:description\" content=\"zur\u00fcck zur Startseite Impressum Fassbinderei Stockinger GmbHGru\u0308nhofstrasse 5-73340 Waidhofen an der YbbsAustria +43 7442 54170&#x6f;&#102;f&#x69;&#x63;&#101;&#064;&#x66;&#097;s&#x73;&#x2d;&#115;t&#x6f;&#099;k&#x69;&#x6e;&#103;e&#x72;&#x2e;&#097;&#x74; Dies ist eine FALKEwebstart Seite \/\/ 2024 Haftungsausschluss Inhalte Wir \u00fcbernehmen keinerlei Gew\u00e4hr f\u00fcr die Aktualit\u00e4t, Korrektheit, Vollst\u00e4ndigkeit oder Qualit\u00e4t der bereitgestellten Informationen. Haftungsanspr\u00fcche gegen den Autor, welche sich auf Sch\u00e4den materieller oder ideeller Art beziehen, die durch die Nutzung [&hellip;]\" \/>\n<meta property=\"og:url\" content=\"https:\/\/www.fass-stockinger.at\/fr\/impressum\/\" \/>\n<meta property=\"og:site_name\" content=\"Fassbinderei Stockinger\" \/>\n<meta property=\"article:modified_time\" content=\"2024-11-29T09:59:37+00:00\" \/>\n<meta name=\"twitter:card\" content=\"summary_large_image\" \/>\n<meta name=\"twitter:label1\" content=\"Dur\u00e9e de lecture estim\u00e9e\" \/>\n\t<meta name=\"twitter:data1\" content=\"2 minutes\" \/>\n<script type=\"application\/ld+json\" class=\"yoast-schema-graph\">{\"@context\":\"https:\/\/schema.org\",\"@graph\":[{\"@type\":\"WebPage\",\"@id\":\"https:\/\/www.fass-stockinger.at\/impressum\/\",\"url\":\"https:\/\/www.fass-stockinger.at\/impressum\/\",\"name\":\"Impressum - Fassbinderei Stockinger\",\"isPartOf\":{\"@id\":\"https:\/\/www.fass-stockinger.at\/#website\"},\"datePublished\":\"2024-10-22T06:18:38+00:00\",\"dateModified\":\"2024-11-29T09:59:37+00:00\",\"breadcrumb\":{\"@id\":\"https:\/\/www.fass-stockinger.at\/impressum\/#breadcrumb\"},\"inLanguage\":\"fr-FR\",\"potentialAction\":[{\"@type\":\"ReadAction\",\"target\":[\"https:\/\/www.fass-stockinger.at\/impressum\/\"]}]},{\"@type\":\"BreadcrumbList\",\"@id\":\"https:\/\/www.fass-stockinger.at\/impressum\/#breadcrumb\",\"itemListElement\":[{\"@type\":\"ListItem\",\"position\":1,\"name\":\"Startseite\",\"item\":\"https:\/\/www.fass-stockinger.at\/\"},{\"@type\":\"ListItem\",\"position\":2,\"name\":\"Impressum\"}]},{\"@type\":\"WebSite\",\"@id\":\"https:\/\/www.fass-stockinger.at\/#website\",\"url\":\"https:\/\/www.fass-stockinger.at\/\",\"name\":\"Fassbinderei Stockinger\",\"description\":\"\",\"potentialAction\":[{\"@type\":\"SearchAction\",\"target\":{\"@type\":\"EntryPoint\",\"urlTemplate\":\"https:\/\/www.fass-stockinger.at\/?s={search_term_string}\"},\"query-input\":{\"@type\":\"PropertyValueSpecification\",\"valueRequired\":true,\"valueName\":\"search_term_string\"}}],\"inLanguage\":\"fr-FR\"}]}<\/script>\n<!-- \/ Yoast SEO plugin. -->","yoast_head_json":{"title":"Impressum - Fassbinderei Stockinger","robots":{"index":"noindex","follow":"nofollow"},"og_locale":"fr_FR","og_type":"article","og_title":"Impressum - Fassbinderei Stockinger","og_description":"zur\u00fcck zur Startseite Impressum Fassbinderei Stockinger GmbHGru\u0308nhofstrasse 5-73340 Waidhofen an der YbbsAustria +43 7442 54170&#x6f;&#102;f&#x69;&#x63;&#101;&#64;&#x66;&#97;s&#x73;&#x2d;&#115;t&#x6f;&#99;k&#x69;&#x6e;&#103;e&#x72;&#x2e;&#97;&#x74; Dies ist eine FALKEwebstart Seite \/\/ 2024 Haftungsausschluss Inhalte Wir \u00fcbernehmen keinerlei Gew\u00e4hr f\u00fcr die Aktualit\u00e4t, Korrektheit, Vollst\u00e4ndigkeit oder Qualit\u00e4t der bereitgestellten Informationen. Haftungsanspr\u00fcche gegen den Autor, welche sich auf Sch\u00e4den materieller oder ideeller Art beziehen, die durch die Nutzung [&hellip;]","og_url":"https:\/\/www.fass-stockinger.at\/fr\/impressum\/","og_site_name":"Fassbinderei Stockinger","article_modified_time":"2024-11-29T09:59:37+00:00","twitter_card":"summary_large_image","twitter_misc":{"Dur\u00e9e de lecture estim\u00e9e":"2 minutes"},"schema":{"@context":"https:\/\/schema.org","@graph":[{"@type":"WebPage","@id":"https:\/\/www.fass-stockinger.at\/impressum\/","url":"https:\/\/www.fass-stockinger.at\/impressum\/","name":"Impressum - Fassbinderei Stockinger","isPartOf":{"@id":"https:\/\/www.fass-stockinger.at\/#website"},"datePublished":"2024-10-22T06:18:38+00:00","dateModified":"2024-11-29T09:59:37+00:00","breadcrumb":{"@id":"https:\/\/www.fass-stockinger.at\/impressum\/#breadcrumb"},"inLanguage":"fr-FR","potentialAction":[{"@type":"ReadAction","target":["https:\/\/www.fass-stockinger.at\/impressum\/"]}]},{"@type":"BreadcrumbList","@id":"https:\/\/www.fass-stockinger.at\/impressum\/#breadcrumb","itemListElement":[{"@type":"ListItem","position":1,"name":"Startseite","item":"https:\/\/www.fass-stockinger.at\/"},{"@type":"ListItem","position":2,"name":"Impressum"}]},{"@type":"WebSite","@id":"https:\/\/www.fass-stockinger.at\/#website","url":"https:\/\/www.fass-stockinger.at\/","name":"Tonnellerie Stockinger","description":"","potentialAction":[{"@type":"SearchAction","target":{"@type":"EntryPoint","urlTemplate":"https:\/\/www.fass-stockinger.at\/?s={search_term_string}"},"query-input":{"@type":"PropertyValueSpecification","valueRequired":true,"valueName":"search_term_string"}}],"inLanguage":"fr-FR"}]}},"_links":{"self":[{"href":"https:\/\/www.fass-stockinger.at\/fr\/wp-json\/wp\/v2\/pages\/2","targetHints":{"allow":["GET"]}}],"collection":[{"href":"https:\/\/www.fass-stockinger.at\/fr\/wp-json\/wp\/v2\/pages"}],"about":[{"href":"https:\/\/www.fass-stockinger.at\/fr\/wp-json\/wp\/v2\/types\/page"}],"author":[{"embeddable":true,"href":"https:\/\/www.fass-stockinger.at\/fr\/wp-json\/wp\/v2\/users\/1"}],"replies":[{"embeddable":true,"href":"https:\/\/www.fass-stockinger.at\/fr\/wp-json\/wp\/v2\/comments?post=2"}],"version-history":[{"count":13,"href":"https:\/\/www.fass-stockinger.at\/fr\/wp-json\/wp\/v2\/pages\/2\/revisions"}],"predecessor-version":[{"id":253,"href":"https:\/\/www.fass-stockinger.at\/fr\/wp-json\/wp\/v2\/pages\/2\/revisions\/253"}],"wp:attachment":[{"href":"https:\/\/www.fass-stockinger.at\/fr\/wp-json\/wp\/v2\/media?parent=2"}],"curies":[{"name":"wp","href":"https:\/\/api.w.org\/{rel}","templated":true}]}}